{"id":1464,"date":"2022-02-23T00:35:53","date_gmt":"2022-02-23T00:35:53","guid":{"rendered":"https:\/\/www.charlyngouh.com\/?post_type=product&#038;p=1464"},"modified":"2022-03-04T21:24:51","modified_gmt":"2022-03-04T21:24:51","slug":"charly-ngouh-le-livre-la-video-le-coaching","status":"publish","type":"product","link":"https:\/\/www.charlyngouh.com\/product\/charly-ngouh-le-livre-la-video-le-coaching","title":{"rendered":"Charly Ngouh &#8211; Le livre, la vid\u00e9o, le coaching"},"content":{"rendered":"<p>Ce roman compte 12 chapitres qui s\u2019\u00e9talent sur 240 pages. <strong>Dans sa version vid\u00e9o, il comporte 12 vid\u00e9os; chaque vid\u00e9o correspondant \u00e0 un chapitre<\/strong>. Il relate les conditions dans lesquelles je suis n\u00e9, mon enfance, les raisons de mes multiples voyages en Occident, mes probl\u00e8mes d\u2019int\u00e9gration, mes d\u00e9boires amoureux, les raisons de mon incarc\u00e9ration, ma vie de soldat dans les Forces Arm\u00e9es britanniques et enfin, mon retour d\u00e9finitif au Cameroun apr\u00e8s presque deux d\u00e9cennies pass\u00e9es \u00e0 l\u2019\u00e9tranger. Je parle de ma guerre; c\u2019est une m\u00e9taphore pour d\u00e9signer mes difficult\u00e9s qui, m\u00eame si elles sont diff\u00e9rentes des v\u00f4tres, ont des points identiques: la douleur, la frustration, la d\u00e9ception et la d\u00e9sillusion.<\/p>\n<p><strong>Note Importante<\/strong>: Apr\u00e8s votre achat, afin de consulter la version video du livre, vous devrez revenir sur le site, <strong>\u00e9tant connect\u00e9<\/strong>, vous verrez dans le menu <strong>Espace Membre<\/strong>, un lien qui vous dirigera vers la version video du livre.<\/p>","protected":false},"excerpt":{"rendered":"<p>Certains aspects de ce r\u00e9cit toucheront votre sensibilit\u00e9. C\u2019est une histoire vraie avec des contours profonds et des le\u00e7ons de vie qui vous seront peut-\u00eatre utiles. B\u00e9n\u00e9ficiez du <strong>PACK COMPLET!<\/strong> En plus du livre qui relate mon enfance, ma vie de soldat, mes \u00e9preuves et les diverses le\u00e7ons apprises, <strong>vous recevrez sa version vid\u00e9o<\/strong> et en bonus, <strong>5 heures de formation \u00e0 la langue anglaise.<\/strong><\/p>","protected":false},"featured_media":1850,"template":"","meta":{"site-sidebar-layout":"default","site-content-layout":"default","ast-site-content-layout":"default","site-content-style":"default","site-sidebar-style":"default","ast-global-header-display":"","ast-banner-title-visibility":"","ast-main-header-display":"","ast-hfb-above-header-display":"","ast-hfb-below-header-display":"","ast-hfb-mobile-header-display":"","site-post-title":"","ast-breadcrumbs-content":"","ast-featured-img":"","footer-sml-layout":"","ast-disable-related-posts":"","theme-transparent-header-meta":"default","adv-header-id-meta":"","stick-header-meta":"","header-above-stick-meta":"","header-main-stick-meta":"","header-below-stick-meta":"","astra-migrate-meta-layouts":"default","ast-page-background-enabled":"default","ast-page-background-meta":{"desktop":{"background-color":"","background-image":"","background-repeat":"repeat","background-position":"center center","background-size":"auto","background-attachment":"scroll","background-type":"","background-media":"","overlay-type":"","overlay-color":"","overlay-opacity":"","overlay-gradient":""},"tablet":{"background-color":"","background-image":"","background-repeat":"repeat","background-position":"center center","background-size":"auto","background-attachment":"scroll","background-type":"","background-media":"","overlay-type":"","overlay-color":"","overlay-opacity":"","overlay-gradient":""},"mobile":{"background-color":"","background-image":"","background-repeat":"repeat","background-position":"center center","background-size":"auto","background-attachment":"scroll","background-type":"","background-media":"","overlay-type":"","overlay-color":"","overlay-opacity":"","overlay-gradient":""}},"ast-content-background-meta":{"desktop":{"background-color":"var(--ast-global-color-5)","background-image":"","background-repeat":"repeat","background-position":"center center","background-size":"auto","background-attachment":"scroll","background-type":"","background-media":"","overlay-type":"","overlay-color":"","overlay-opacity":"","overlay-gradient":""},"tablet":{"background-color":"var(--ast-global-color-5)","background-image":"","background-repeat":"repeat","background-position":"center center","background-size":"auto","background-attachment":"scroll","background-type":"","background-media":"","overlay-type":"","overlay-color":"","overlay-opacity":"","overlay-gradient":""},"mobile":{"background-color":"var(--ast-global-color-5)","background-image":"","background-repeat":"repeat","background-position":"center center","background-size":"auto","background-attachment":"scroll","background-type":"","background-media":"","overlay-type":"","overlay-color":"","overlay-opacity":"","overlay-gradient":""}}},"product_brand":[],"product_cat":[27],"product_tag":[],"class_list":{"0":"post-1464","1":"product","2":"type-product","3":"status-publish","4":"has-post-thumbnail","6":"product_cat-pack-complet","7":"desktop-align-left","8":"tablet-align-left","9":"mobile-align-left","10":"ast-product-gallery-layout-horizontal-slider","11":"ast-product-gallery-with-no-image","12":"ast-magnify-disabled","13":"ast-product-tabs-layout-horizontal","15":"first","16":"instock","17":"virtual","18":"purchasable","19":"product-type-simple"},"_links":{"self":[{"href":"https:\/\/www.charlyngouh.com\/en\/wp-json\/wp\/v2\/product\/1464","targetHints":{"allow":["GET"]}}],"collection":[{"href":"https:\/\/www.charlyngouh.com\/en\/wp-json\/wp\/v2\/product"}],"about":[{"href":"https:\/\/www.charlyngouh.com\/en\/wp-json\/wp\/v2\/types\/product"}],"version-history":[{"count":9,"href":"https:\/\/www.charlyngouh.com\/en\/wp-json\/wp\/v2\/product\/1464\/revisions"}],"predecessor-version":[{"id":1468,"href":"https:\/\/www.charlyngouh.com\/en\/wp-json\/wp\/v2\/product\/1464\/revisions\/1468"}],"wp:featuredmedia":[{"embeddable":true,"href":"https:\/\/www.charlyngouh.com\/en\/wp-json\/wp\/v2\/media\/1850"}],"wp:attachment":[{"href":"https:\/\/www.charlyngouh.com\/en\/wp-json\/wp\/v2\/media?parent=1464"}],"wp:term":[{"taxonomy":"product_brand","embeddable":true,"href":"https:\/\/www.charlyngouh.com\/en\/wp-json\/wp\/v2\/product_brand?post=1464"},{"taxonomy":"product_cat","embeddable":true,"href":"https:\/\/www.charlyngouh.com\/en\/wp-json\/wp\/v2\/product_cat?post=1464"},{"taxonomy":"product_tag","embeddable":true,"href":"https:\/\/www.charlyngouh.com\/en\/wp-json\/wp\/v2\/product_tag?post=1464"}],"curies":[{"name":"wp","href":"https:\/\/api.w.org\/{rel}","templated":true}]}}