{"id":2071,"date":"2023-03-12T22:39:08","date_gmt":"2023-03-12T22:39:08","guid":{"rendered":"https:\/\/www.charlyngouh.com\/?page_id=2071"},"modified":"2023-03-12T22:41:27","modified_gmt":"2023-03-12T22:41:27","slug":"register-2","status":"publish","type":"page","link":"https:\/\/www.charlyngouh.com\/en\/register-2","title":{"rendered":"Register"},"content":{"rendered":"<h2 class=\"has-text-align-center wp-block-heading\">Cr\u00e9ation de compte<\/h2>\n\n\n\n<div style=\"height:50px\" aria-hidden=\"true\" class=\"wp-block-spacer\"><\/div>\n\n\n<div class=\"iump-register-form ihc-register-14\"><form  method=\"post\"  name=\"createuser\" id=\"createuser\" class=\"ihc-form-create-edit\" enctype=\"multipart\/form-data\" action=\"\" ><div class=\"iump-form-line-register iump-form-text\" id=\"ihc_reg_text_900\"><label class=\"iump-labels-register\"><span class=\"ihc-required-sign\">*<\/span>Username<\/label><input type=\"text\" name=\"user_login\"  class=\"\" value=\"\" placeholder=\"\"   \/><\/div><div class=\"iump-form-line-register iump-form-text\" id=\"ihc_reg_text_858\"><label class=\"iump-labels-register\"><span class=\"ihc-required-sign\">*<\/span>Email<\/label><input type=\"text\" name=\"user_email\"  class=\"\" value=\"\" placeholder=\"\"   \/><\/div><div class=\"iump-form-line-register iump-form-text\" id=\"ihc_reg_text_4978\"><label class=\"iump-labels-register\"><span class=\"ihc-required-sign\">*<\/span>First Name<\/label><input type=\"text\" name=\"first_name\"  class=\"\" value=\"\" placeholder=\"\"   \/><\/div><div class=\"iump-form-line-register iump-form-text\" id=\"ihc_reg_text_9783\"><label class=\"iump-labels-register\"><span class=\"ihc-required-sign\">*<\/span>Last Name<\/label><input type=\"text\" name=\"last_name\"  class=\"\" value=\"\" placeholder=\"\"   \/><\/div><div class=\"iump-form-line-register iump-form-password\" id=\"ihc_reg_password_3837\"><label class=\"iump-labels-register\"><span class=\"ihc-required-sign\">*<\/span>Password<\/label><input type=\"password\" name=\"pass1\"  class=\"\" value=\"\" placeholder=\"\"  data-rules=\"6,2\"\/><span type=\"button\" class=\"ihc-hide-pw hide-if-no-js\" data-toggle=\"0\" aria-label=\"Show password\">\n\t\t\t\t\t\t<span class=\"dashicons dashicons-visibility\" aria-hidden=\"true\"><\/span>\n\t\t\t\t\t<\/span><div class=\"ihc-strength-wrapper\"><ul class=\"ihc-strength\"><li class=\"point\"><\/li><li class=\"point\"><\/li><li class=\"point\"><\/li><li class=\"point\"><\/li><li class=\"point\"><\/li><\/ul><div class=\"ihc-strength-label\"><\/div><\/div><\/div><div class=\"iump-form-line-register iump-form-password\" id=\"ihc_reg_password_5532\"><label class=\"iump-labels-register\"><span class=\"ihc-required-sign\">*<\/span>Confirm Password<\/label><input type=\"password\" name=\"pass2\"  class=\"\" value=\"\" placeholder=\"\"  data-rules=\"6,2\"\/><span type=\"button\" class=\"ihc-hide-pw hide-if-no-js\" data-toggle=\"0\" aria-label=\"Show password\">\n\t\t\t\t\t\t<span class=\"dashicons dashicons-visibility\" aria-hidden=\"true\"><\/span>\n\t\t\t\t\t<\/span><div class=\"ihc-strength-wrapper\"><ul class=\"ihc-strength\"><li class=\"point\"><\/li><li class=\"point\"><\/li><li class=\"point\"><\/li><li class=\"point\"><\/li><li class=\"point\"><\/li><\/ul><div class=\"ihc-strength-label\"><\/div><\/div><\/div><div class=\"iump-form-line-register iump-form-number\" id=\"ihc_reg_number_1271\"><label class=\"iump-labels-register\">T\u00e9l\u00e9phone (Num\u00e9ro sur WhatsApp)<\/label><input type=\"number\" name=\"phone\"  class=\"\" value=\"\"    min=\"\" max=\"\" \/><\/div><div class=\"iump-form-line-register iump-form-text\" id=\"ihc_reg_text_7160\"><label class=\"iump-labels-register\">Pays<\/label><input type=\"text\" name=\"pays\"  class=\"\" value=\"\" placeholder=\"\"   \/><\/div>    <div class=\"g-recaptcha-wrapper\">\n        <div class=\"g-recaptcha\" data-sitekey=\"6LeJD5keAAAAAFD1z1Nj_-QuVO2oEWiKZZxq4Q-N\"><\/div>\n            <\/div>\n<input type=\"hidden\" name=\"ihc_payment_gateway\" value=\"bank_transfer\" \/><input type=\"hidden\" name=\"ihcaction\"  class=\"\" value=\"register\"  \/><div class=\"iump-submit-form\"><div class=\"iump-register-row-left\"><input type=\"submit\" value=\"Register\" name=\"Submit\" id=\"ihc_submit_bttn\" class=\"button button-primary button-large\"   \/><\/div><div class=\"iump-register-row-right\"><div class=\"ihc-login-link\"><a href=\"https:\/\/www.charlyngouh.com\/en\/connexion\/\">LogIn<\/a><\/div><\/div><div class=\"iump-clear\"><\/div><\/div><input type='hidden' name='ihc_user_add_edit_nonce' value='1840010482' \/><input type=\"hidden\" name=\"ihcFormType\" value=\"register\" \/><input type=\"hidden\" name=\"trp-form-language\" value=\"en\"\/><\/form><\/div>","protected":false},"excerpt":{"rendered":"<p>Cr\u00e9ation de compte<\/p>","protected":false},"author":2,"featured_media":0,"parent":0,"menu_order":0,"comment_status":"closed","ping_status":"closed","template":"","meta":{"site-sidebar-layout":"default","site-content-layout":"","ast-site-content-layout":"default","site-content-style":"default","site-sidebar-style":"default","ast-global-header-display":"","ast-banner-title-visibility":"","ast-main-header-display":"","ast-hfb-above-header-display":"","ast-hfb-below-header-display":"","ast-hfb-mobile-header-display":"","site-post-title":"disabled","ast-breadcrumbs-content":"","ast-featured-img":"","footer-sml-layout":"","ast-disable-related-posts":"","theme-transparent-header-meta":"","adv-header-id-meta":"","stick-header-meta":"","header-above-stick-meta":"","header-main-stick-meta":"","header-below-stick-meta":"","astra-migrate-meta-layouts":"default","ast-page-background-enabled":"default","ast-page-background-meta":{"desktop":{"background-color":"","background-image":"","background-repeat":"repeat","background-position":"center center","background-size":"auto","background-attachment":"scroll","background-type":"","background-media":"","overlay-type":"","overlay-color":"","overlay-opacity":"","overlay-gradient":""},"tablet":{"background-color":"","background-image":"","background-repeat":"repeat","background-position":"center center","background-size":"auto","background-attachment":"scroll","background-type":"","background-media":"","overlay-type":"","overlay-color":"","overlay-opacity":"","overlay-gradient":""},"mobile":{"background-color":"","background-image":"","background-repeat":"repeat","background-position":"center center","background-size":"auto","background-attachment":"scroll","background-type":"","background-media":"","overlay-type":"","overlay-color":"","overlay-opacity":"","overlay-gradient":""}},"ast-content-background-meta":{"desktop":{"background-color":"var(--ast-global-color-5)","background-image":"","background-repeat":"repeat","background-position":"center center","background-size":"auto","background-attachment":"scroll","background-type":"","background-media":"","overlay-type":"","overlay-color":"","overlay-opacity":"","overlay-gradient":""},"tablet":{"background-color":"var(--ast-global-color-5)","background-image":"","background-repeat":"repeat","background-position":"center center","background-size":"auto","background-attachment":"scroll","background-type":"","background-media":"","overlay-type":"","overlay-color":"","overlay-opacity":"","overlay-gradient":""},"mobile":{"background-color":"var(--ast-global-color-5)","background-image":"","background-repeat":"repeat","background-position":"center center","background-size":"auto","background-attachment":"scroll","background-type":"","background-media":"","overlay-type":"","overlay-color":"","overlay-opacity":"","overlay-gradient":""}},"footnotes":""},"class_list":["post-2071","page","type-page","status-publish","hentry"],"_links":{"self":[{"href":"https:\/\/www.charlyngouh.com\/en\/wp-json\/wp\/v2\/pages\/2071","targetHints":{"allow":["GET"]}}],"collection":[{"href":"https:\/\/www.charlyngouh.com\/en\/wp-json\/wp\/v2\/pages"}],"about":[{"href":"https:\/\/www.charlyngouh.com\/en\/wp-json\/wp\/v2\/types\/page"}],"author":[{"embeddable":true,"href":"https:\/\/www.charlyngouh.com\/en\/wp-json\/wp\/v2\/users\/2"}],"replies":[{"embeddable":true,"href":"https:\/\/www.charlyngouh.com\/en\/wp-json\/wp\/v2\/comments?post=2071"}],"version-history":[{"count":1,"href":"https:\/\/www.charlyngouh.com\/en\/wp-json\/wp\/v2\/pages\/2071\/revisions"}],"predecessor-version":[{"id":2072,"href":"https:\/\/www.charlyngouh.com\/en\/wp-json\/wp\/v2\/pages\/2071\/revisions\/2072"}],"wp:attachment":[{"href":"https:\/\/www.charlyngouh.com\/en\/wp-json\/wp\/v2\/media?parent=2071"}],"curies":[{"name":"wp","href":"https:\/\/api.w.org\/{rel}","templated":true}]}}